{"id":93,"date":"2014-03-03T16:30:58","date_gmt":"2014-03-03T20:30:58","guid":{"rendered":"http:\/\/www.nhvweb.net\/vhs\/healthoffice\/?page_id=93"},"modified":"2023-08-09T13:54:44","modified_gmt":"2023-08-09T17:54:44","slug":"links-and-community-resources","status":"publish","type":"page","link":"https:\/\/www.nhvweb.net\/vhs\/healthoffice\/links-and-community-resources\/","title":{"rendered":"Links and Community Resources"},"content":{"rendered":"<p>Below please find links to community resources:<\/p>\n<p>New Jersey state law now requires that all children have<strong>\u00a0health insurance<\/strong>. Information\u00a0about low cost health insurance\u00a0can be found at\u00a0<a href=\"http:\/\/www.njfamilycare.org\/\">http:\/\/www.njfamilycare.org\/<\/a>.\u00a0Please contact the nurses for dental, immunization or eye glass assistance if needed.<\/p>\n<p><strong><span style=\"font-size: 12.0pt; font-family: 'Helvetica',sans-serif; color: #212121;\">COVID-19 Information Hub for Families<br \/>\n<\/span><\/strong><span style=\"font-family: 'Helvetica',sans-serif; color: #212121;\">NJ Parent Link COVID-19 Family Resources<br \/>\n<\/span><span style=\"font-family: 'Helvetica',sans-serif; color: #212121;\"><a href=\"http:\/\/url8216.njlincs.net\/ls\/click?upn=YAnFqttryN0tTx9xR-2FQa0SbWqLKK8g9el92Fv3JBJtVH5F-2BBdbh5dR2ejYQ9g9uWbKSKR-2BJ6mW6W7LvlC4tf7RpXNyaLImIVV4HMybiBZyE-3D8gzs_Dq9vWcuz-2BsmagstQ5X5P1aTzBuRAEyb4-2BuK92UyUosho8z78kEAU-2BjN9Cbvd2HoJiWER9Cdtaxe8dx39Ql3JeFXLT9ab6S4JWAHt7tBXz8DS3EoU-2FIVeA26vFlo2-2BnaJdFPdmkaT4oP0wngpdCF5FHxq-2FwF-2FdSMa1C2sNe25ym2CRThsZ4HqFiFm8TRuQgbGT2ZtwU7tPfHLeNLiZQnHL5zcE1I5tHcdWUchIowNSRc-3D\" target=\"_blank\" rel=\"noopener\"><span style=\"color: #0078d4;\">https:\/\/njparentlink.nj.gov\/njparentlink\/current\/covid-19.html<\/span><\/a><\/span><\/p>\n<p><strong><span style=\"font-size: 12.0pt; font-family: 'Helvetica',sans-serif; color: #212121;\">Mental Health Resources for Youth &amp; Young Adults<br \/>\n<\/span><\/strong><span style=\"font-family: 'Helvetica',sans-serif; color: #212121;\">Coping, Challenges, Crises Intervention &amp; Support<br \/>\n<\/span><span style=\"font-family: 'Helvetica',sans-serif; color: #212121;\"><a href=\"http:\/\/url8216.njlincs.net\/ls\/click?upn=YAnFqttryN0tTx9xR-2FQa0fEk58s85BcZtQRQbOp5vctMhe3149fMBO-2F-2FCDJ4-2FyzaiDZw_Dq9vWcuz-2BsmagstQ5X5P1aTzBuRAEyb4-2BuK92UyUosho8z78kEAU-2BjN9Cbvd2HoJiWER9Cdtaxe8dx39Ql3JePGLTZ3hjnYDEfjtzlHcsgQsIwjyd0gDNuLTJBfUWeCiwxliXGJvRVPYNyTRpFp11G6LcsGLG6BloabSB4YkvsEXtR6ISPwwKHSoMC-2B0Auai5sVgwcD00xEESzAS-2BKybSumu8EOFoPtZ6eIK4pEr0Gg-3D\" target=\"_blank\" rel=\"noopener\">https:\/\/covid19.nj.gov\/pages\/youthhelp<\/a><\/span><\/p>\n<p><b>Affordable Care Act information for New Jersey Residents concerning performance enhancing drugs.<br \/>\n<\/b><b><a href=\"http:\/\/www.nhvweb.net\/vhs\/healthoffice\/files\/2014\/03\/drugfreesport.com_.pdf\">drugfreesport.com<\/a><\/b><\/p>\n<p><strong>NJHELPS:\u00a0<\/strong>Information for health insurance, child care and food assistance<\/p>\n<p><a href=\"https:\/\/www.njhelps.org\/\">https:\/\/www.njhelps.org\/<\/a><\/p>\n<p><strong>Insurance Information<\/strong><\/p>\n<p><a href=\"https:\/\/www.healthcare.gov\/marketplace\/individual\/#state=new-jersey\">https:\/\/www.healthcare.gov\/marketplace\/individual\/#state=new-jersey<\/a><\/p>\n<ul>\n<li><a href=\"https:\/\/www.healthcare.gov\/marketplace\/individual\/\">HealthCare.gov<\/a><\/li>\n<li><a href=\"http:\/\/www.cuidadodesalud.gov\/\">CuidadoDeSalud.gov<\/a><\/li>\n<li>24\/7 Consumer Call Center: \u00a0\u00a0\u00a0\u00a0 1-800-318-2596<\/li>\n<\/ul>\n<p><strong>New 988 Suicide &amp; Crisis Lifeline<\/strong><\/p>\n<p><u>On July 16, 2022, \u00a0988 will become the nationwide 3-digit dialing code for crisis and suicide prevention.<\/u> It will replace the 1-800 number currently used by the National Suicide Prevention Lifeline. On this date, when someone calls 988 all phones in the U.S. (mobile and landline) will connect with the crisis\/suicide prevention system. This will allow anyone in the U.S. to call 988 and get help designed specifically for someone dealing with a mental health crisis.<\/p>\n<p><b>Citizen&#8217;s Guide to Emergency Planning<br \/>\n<\/b><a href=\"http:\/\/www.co.hunterdon.nj.us\/pdf\/health\/statedocs\/citizensguidetoemergencyplanning-eng.pdf\">http:\/\/www.co.hunterdon.nj.us<\/a><a href=\"http:\/\/www.co.hunterdon.nj.us\/pdf\/health\/statedocs\/citizensguidetoemergencyplanning-eng.pdf\">\/pdf\/health<\/a>\/<a href=\"http:\/\/www.co.hunterdon.nj.us\/pdf\/health\/statedocs\/citizensguidetoemergencyplanning-eng.pdf\">statedocs\/citizensguidetoemergency<\/a><a href=\"http:\/\/www.co.hunterdon.nj.us\/pdf\/health\/statedocs\/citizensguidetoemergencyplanning-eng.pdf\">planning-<\/a><a href=\"http:\/\/www.co.hunterdon.nj.us\/pdf\/health\/statedocs\/citizensguidetoemergencyplanning-eng.pdf\">eng.pdf<\/a><\/p>\n<p><b>Heads Up- Concussion in High School Sports<\/b> <a href=\"http:\/\/www.cdc.gov\/concussion\/\">http:\/\/www.cdc.gov\/concussion\/<\/a><span style=\"text-decoration: underline;\">headsup\/high<\/span><a href=\"http:\/\/www.cdc.gov\/concussion\/\">school.html\u00a0<\/a><\/p>\n<p><b>Hispanic Health Info Line-<\/b><b>L\u00ednea de Informaci\u00f3n en Espa\u00f1ol de el Departamento de Salud en el Condado de Hunterdon- Llame al 908-284-6188<\/b><\/p>\n<p><b>New Jersey Department of Education<br \/>\n<\/b><a href=\"http:\/\/www.nj.gov\/education\/students\/safety\/\">http:\/\/www.nj.gov\/education<\/a><a href=\"http:\/\/www.nj.gov\/education\/students\/safety\/\">students\/safety\/<\/a><\/p>\n<p><b>NJ Parent Link. The Early Childhood, Parenting, and Professional Resource Center Official State of NJ Website\u00a0<\/b><\/p>\n<p><a href=\"http:\/\/www.njparentlink.nj.gov\/\">www.njparentlink.nj.gov<\/a><\/p>\n<p><b>Poison Emergency Number<\/b><\/p>\n<p><a href=\"http:\/\/www.njpies.org\/\">http:\/\/www.njpies.org\/<\/a><\/p>\n<p><strong>Sports Related Eye Injuries<\/strong><\/p>\n<p><a href=\"http:\/\/www.nhvweb.net\/vhs\/healthoffice\/files\/2014\/03\/Sports-Related-Eye-Injjuries.pdf\">Sports Related Eye Injuries<\/a><\/p>\n<p><strong>Stop Bullying. Gov<\/strong><\/p>\n<p><span style=\"text-decoration: underline;\"><a href=\"http:\/\/www.stopbullying.gov\">http:\/\/www.stopbullying.gov<\/a><a href=\"http:\/\/www.stopbullying.gov\/\u200e\">\u200e<\/a><\/span><\/p>\n<p><strong>Stop Medicine Abuse<\/strong><\/p>\n<p><a href=\"http:\/\/www.stopmedicineabuse.org\/home-to-homeroom\" target=\"_blank\" rel=\"noopener\">www.StopMedicineAbuse.org\/Home-to-Homeroom<\/a><\/p>\n<p><strong>SuperTracker:\u00a0<\/strong>Information on making healthy nutrition choices<\/p>\n<p><a href=\"http:\/\/www.choosemyplate.gov\/supertracker-tools.html\">http:\/\/www.choosemyplate.gov\/supertracker-tools.html<\/a><\/p>\n<p><strong>Voices of Meningitis:\u00a0<\/strong>Information on the vaccine and why it&#8217;s necessary for high school<\/p>\n<p><a href=\"http:\/\/www.voicesofmeningitis.org\/\">http:\/\/www.voicesofmeningitis.org\/<\/a><\/p>\n<p><b>Project Self Sufficiency:\u00a0<\/b>Information\/services for low income single parents, teen parents, family stability<\/p>\n<p><a href=\"https:\/\/www.projectselfsufficiency.org\/\">https:\/\/www.projectselfsufficiency.org\/<\/a><\/p>\n<p><strong>Planned Parenthood:\u00a0<\/strong>Information on reproductive health\/ counseling\/ STD&#8217;s<\/p>\n<p><a href=\"https:\/\/www.plannedparenthood.org\/planned-parenthood-northern-central-southern-new-jersey\">https:\/\/www.plannedparenthood.org\/planned-parenthood-northern-central-southern-new-jersey<\/a><\/p>\n<p><strong>Open Cupboard Food Pantry:<\/strong> Serves Hunterdon County. Provides food assistance, thrift store and more!<\/p>\n<p><a href=\"http:\/\/opencupboardfoodpantry.org\/\">http:\/\/opencupboardfoodpantry.org\/<\/a><\/p>\n<p><b>SNAP (NJ Supplemental\u00a0Nutrition Assistance Program)<\/b><\/p>\n<p><a href=\"https:\/\/www.njsnap-ed.gov\/\">https:\/\/www.njsnap-ed.gov\/<\/a><\/p>\n<p><a href=\"https:\/\/www.nj.gov\/humanservices\/dfd\/programs\/njsnap\/\">https:\/\/www.nj.gov\/humanservices\/dfd\/programs\/njsnap\/<\/a><\/p>\n<p><strong>Hunterdon County Health Department:\u00a0<\/strong><\/p>\n<p><a href=\"http:\/\/www.co.hunterdon.nj.us\/health.html\">http:\/\/www.co.hunterdon.nj.us\/health.html<\/a><\/p>\n<p><strong>NORWESCAP:\u00a0<\/strong>Services and assistance for displaced homemakers as they return to the work force.<\/p>\n<p><a href=\"http:\/\/norwescap.org\/\">http:\/\/norwescap.org\/<\/a><\/p>\n<p><strong>United Way of Hunterdon County:\u00a0<\/strong>Provides education and services on child care, health, employment, finances, education<\/p>\n<p><a href=\"https:\/\/www.uwhunterdon.org\/\">https:\/\/www.uwhunterdon.org\/<\/a><\/p>\n<p><strong>New Eyes for the Needy:\u00a0<\/strong>Provides eye exams and glasses<\/p>\n<p><a href=\"https:\/\/new-eyes.org\/\">https:\/\/new-eyes.org\/<\/a><\/p>\n<p><strong>GenPsych:\u00a0<\/strong>In Hunterdon County. Programs for eating disorders, teen mental health, crisis intervention<\/p>\n<p><a href=\"http:\/\/genpsych.com\/\">http:\/\/genpsych.com\/<\/a><\/p>\n<p><strong>Hunterdon Prevention Resources:\u00a0<\/strong>provides early intervention, counseling services for substance abuse and addiction, parenting, anger management, tobacco, mental health<\/p>\n<p><a href=\"http:\/\/njprevent.com\/about-us\/\">http:\/\/njprevent.com\/about-us\/<\/a><\/p>\n<p><strong>Catholic Charities:\u00a0<\/strong>Provides counseling, shelter services, youth services in Hunterdon County<\/p>\n<p><a href=\"https:\/\/www.ccdom.org\/\">https:\/\/www.ccdom.org\/<\/a><\/p>\n<p><strong>Allentown Women&#8217;s Center:\u00a0<\/strong>Education and support for STD&#8217;s, Pregnancy, transgender support, birth control<\/p>\n<p><a href=\"https:\/\/www.allentownwomenscenter.com\/\">https:\/\/www.allentownwomenscenter.com\/<\/a><\/p>\n<p><strong>New Jersey Coalition Against Sexual Assault:\u00a0<\/strong>Provides treatment and counseling services<\/p>\n<p><a href=\"https:\/\/njcasa.org\/\">https:\/\/njcasa.org\/<\/a><\/p>\n<p><strong>NJ Prevention Network:\u00a0<\/strong>Information on vaping and tobacco use, how to stop<\/p>\n<p><a href=\"http:\/\/chnj.njpn.org\/tobacco-free-for-a-healthy-nj\/\">http:\/\/chnj.njpn.org\/tobacco-free-for-a-healthy-nj\/<\/a><\/p>\n<p><strong>Hunterdon Behavioral Health:\u00a0<\/strong>Provides services and counseling for anxiety, depression, addiction, crisis<\/p>\n<p><a href=\"http:\/\/chnj.njpn.org\/tobacco-free-for-a-healthy-nj\/\">http:\/\/chnj.njpn.org\/tobacco-free-for-a-healthy-nj\/<\/a><\/p>\n<p><strong>2nd Floor Youth Helpline: <\/strong>anonymous help finding solutions to problems that youth face at home, at school or at play.<\/p>\n<p><a href=\"https:\/\/www.2ndfloor.org\/\">https:\/\/www.2ndfloor.org\/<\/a><\/p>\n<p><strong><span style=\"font-size: 12.0pt; font-family: 'Helvetica',sans-serif; color: #212121;\">Developmental &amp; Behavioral Health<br \/>\n<\/span><\/strong><span style=\"font-family: 'Helvetica',sans-serif; color: #212121;\">NJ Parent Link Older Siblings<br \/>\n<\/span><span style=\"font-family: 'Helvetica',sans-serif; color: #212121;\"><a href=\"http:\/\/url8216.njlincs.net\/ls\/click?upn=YAnFqttryN0tTx9xR-2FQa0e5BabGmBZEU-2FjPFIg7tFSXgDbzsn-2FFsovAdhHGEOIE0WRXdRzDmxDQoUHI8gn5iGua5bPNJ2btRDx6n6q-2BUJu0-3Dse0m_Dq9vWcuz-2BsmagstQ5X5P1aTzBuRAEyb4-2BuK92UyUosho8z78kEAU-2BjN9Cbvd2HoJiWER9Cdtaxe8dx39Ql3JeG74ccBmLmVBeYddPTrxZ0KPWx7mHYQd132fCVhv7eMNGUFvmw-2F0EiMkNvz54-2FDokGbbpjKxeCE8IwqIB-2F3kXiWtieavRucylh4AKATgcDcFjRpbhGJP0kuUqFV7kVc1t4o36KBeDrdKmo1icBc45pg-3D\" target=\"_blank\" rel=\"noopener\"><span style=\"color: #0078d4;\">https:\/\/www.njparentlink.nj.gov\/njparentlink\/developmental\/older\/<\/span><\/a><\/span><\/p>\n<p><strong><span style=\"font-size: 12.0pt; font-family: 'Helvetica',sans-serif; color: #212121;\">Education &amp; Youth Activities<br \/>\n<\/span><\/strong><span style=\"font-family: 'Helvetica',sans-serif; color: #212121;\">NJ Parent Link Child Care &amp; K-12<br \/>\n<\/span><span style=\"font-family: 'Helvetica',sans-serif; color: #212121;\"><a href=\"http:\/\/url8216.njlincs.net\/ls\/click?upn=YAnFqttryN0tTx9xR-2FQa0e5BabGmBZEU-2FjPFIg7tFSXgDbzsn-2FFsovAdhHGEOIE0Jf8qjU5dAEoPWstEc-2F31C-2Fy2zUGr1pCtkYZi5bfkvwU-3DyBxH_Dq9vWcuz-2BsmagstQ5X5P1aTzBuRAEyb4-2BuK92UyUosho8z78kEAU-2BjN9Cbvd2HoJiWER9Cdtaxe8dx39Ql3JeDEOhnZIut3RbjOq5h-2Fho-2FY8FLOvWtrkKCbtH38zmYFY8xTnOyF28lWA9SlP17Tbs-2BAFg-2F12ZynfH-2BdnaCeBcguuvdLC6CNU-2BR-2B96b9Ev2uKyv7YjD0r29RXAxUR4kNOQi3t1oid3-2FgAtWhICPTtyXk-3D\" target=\"_blank\" rel=\"noopener\"><span style=\"color: #0078d4;\">https:\/\/www.njparentlink.nj.gov\/njparentlink\/childcare\/choices\/<\/span><\/a><\/span><\/p>\n<p><strong><span style=\"font-size: 12.0pt; font-family: 'Helvetica',sans-serif; color: #212121;\">Family Challenges<br \/>\n<\/span><\/strong><span style=\"font-family: 'Helvetica',sans-serif; color: #212121;\">NJ Parent Link Special Situations<br \/>\n<\/span><span style=\"font-family: 'Helvetica',sans-serif; color: #212121;\"><a href=\"http:\/\/url8216.njlincs.net\/ls\/click?upn=YAnFqttryN0tTx9xR-2FQa0e5BabGmBZEU-2FjPFIg7tFSXgDbzsn-2FFsovAdhHGEOIE0zvlkH-2FHM83W94xkFocI2BtmwMOBixqXrKXxynD3-2BmDs-3De3xZ_Dq9vWcuz-2BsmagstQ5X5P1aTzBuRAEyb4-2BuK92UyUosho8z78kEAU-2BjN9Cbvd2HoJiWER9Cdtaxe8dx39Ql3JePQZStZor46FKMO3TT0uIn-2BuXUrRt8sMY4pTTqrt7iqX4gDnWT4WqJaaDt4yJR6ZXzyfshXZZKNvWmn8xeYstr37ggoLbnuSaGYz6mPQlt1k-2FAVysZY0-2B6xz0c7p3qYqUZZlNe-2BX9aIjyUVdlvI-2FXeQ-3D\" target=\"_blank\" rel=\"noopener\"><span style=\"color: #0078d4;\">https:\/\/www.njparentlink.nj.gov\/njparentlink\/services\/special\/<\/span><\/a><\/span><\/p>\n<p><strong>Tri County CMO:\u00a0<\/strong>serves youth aged 5-21 with mental health, behavioral, developmental disability\/intellectual disability or substance use challenges in Hunterdon, Somerset, and Warren Counties.<\/p>\n<p><a href=\"https:\/\/www.tricountycmo.org\/\">https:\/\/www.tricountycmo.org\/<\/a><\/p>\n<p><strong>Princeton House Behavioral Health:\u00a0<\/strong>inpatient and outpatient care options, Princeton House Behavioral Health offers treatment programs that are customized to meet the needs of\u00a0<a href=\"https:\/\/www.princetonhcs.org\/care-services\/princeton-house-behavioral-health\/treatment-programs\/children\">children<\/a>,\u00a0<a href=\"https:\/\/www.princetonhcs.org\/care-services\/princeton-house-behavioral-health\/treatment-programs\/adolescents\">adolescents<\/a>,\u00a0<a href=\"https:\/\/www.princetonhcs.org\/care-services\/princeton-house-behavioral-health\/treatment-programs\/young-adults\">young adults<\/a>,\u00a0<a href=\"https:\/\/www.princetonhcs.org\/care-services\/princeton-house-behavioral-health\/treatment-programs\/adults\">adults<\/a>, and\u00a0<a href=\"https:\/\/www.princetonhcs.org\/care-services\/princeton-house-behavioral-health\/treatment-programs\/older-adults\">older adults<\/a>, along with specialized programs for\u00a0<a href=\"https:\/\/www.princetonhcs.org\/care-services\/princeton-house-behavioral-health\/treatment-programs\/men\">men<\/a>\u00a0and\u00a0<a href=\"https:\/\/www.princetonhcs.org\/care-services\/princeton-house-behavioral-health\/treatment-programs\/women\">women<\/a><\/p>\n<p><a href=\"https:\/\/www.princetonhcs.org\/care-services\/princeton-house-behavioral-health\">https:\/\/www.princetonhcs.org\/care-services\/princeton-house-behavioral-health<\/a><\/p>\n<p><strong>Family Support Organization<\/strong>:\u00a0When a child has emotional, behavioral or mental health challenges, the family of that child is also affected. Success begins with involving parents and caregivers as full partners in their child\u2019s care. Located in Hunterdon County<\/p>\n<p><a href=\"https:\/\/fso-hsw.org\/programs\/\">https:\/\/fso-hsw.org\/programs\/<\/a><\/p>\n<p><strong>Autism Family Services:\u00a0<\/strong>Advocacy for Individuals &amp; Their\u00a0<em>Families<\/em>.\u00a0<em>Autism Family Services of New Jersey<\/em>\u00a0is a state-wide, non-profit charitable agency dedicated to helping improve the quality of life for people affected by\u00a0<em>autism<\/em>\u00a0and their loved ones.<\/p>\n<p><a href=\"https:\/\/autismfamilyservicesnj.org\/\">https:\/\/autismfamilyservicesnj.org\/<\/a><\/p>\n<p><strong>New Jersey Self Help Group Clearinghouse:\u00a0<\/strong>The mission of the Clearinghouse is to help people find and form all types of self-help support groups in order to provide hope, strength and experience to those in need in order to not\u00a0feel alone.<\/p>\n<p><a href=\"https:\/\/www.njgroups.org\/about-us-2\/\">https:\/\/www.njgroups.org\/about-us-2\/<\/a><\/p>\n<p><strong>SAFE in Hunterdon:\u00a0<\/strong>Our mission is to cultivate safety, empowerment and healing in an alliance with adults, teens, and children who are affected by domestic and sexual violence.<\/p>\n<p><a href=\"https:\/\/safeinhunterdon.org\/\">https:\/\/safeinhunterdon.org\/<\/a><\/p>\n<p><strong>Daytop NJ:\u00a0<\/strong>providing\u00a0exceptional and affordable treatment\u00a0to adolescents and adults with addiction, substance use and co-occurring mental health disorders<\/p>\n<p><a href=\"https:\/\/daytopnj.org\/\">https:\/\/daytopnj.org\/<\/a><\/p>\n<p><strong>Smart Moves, Smart Choices:\u00a0<\/strong>\u00a0tools for elementary, middle and high schools on prescription drug abuse and misuse awareness.<\/p>\n<p><a href=\"http:\/\/smartmovessmartchoices.org\/\">http:\/\/smartmovessmartchoices.org\/<\/a><\/p>\n<p><strong>CDC Measles Information:<\/strong><\/p>\n<p><a href=\"https:\/\/www.cdc.gov\/features\/measles\/index.html\">https:\/\/www.cdc.gov\/features\/measles\/index.html<\/a><\/p>\n<p><strong>CDC Flu Information:<\/strong><\/p>\n<p><a href=\"https:\/\/www.cdc.gov\/flu\/index.htm\">https:\/\/www.cdc.gov\/flu\/index.htm<\/a><\/p>\n<p><strong>CDC HPV Information:<\/strong><\/p>\n<p><a href=\"https:\/\/www.cdc.gov\/hpv\/index.html\">https:\/\/www.cdc.gov\/hpv\/index.html<\/a><\/p>\n<p><strong>CDC MRSA Information:<\/strong><\/p>\n<p><a href=\"https:\/\/www.cdc.gov\/mrsa\/index.html\">https:\/\/www.cdc.gov\/mrsa\/index.html<\/a><\/p>\n","protected":false},"excerpt":{"rendered":"<p>Below please find links to community resources: New Jersey state law now requires that all children have\u00a0health insurance. Information\u00a0about low cost health insurance\u00a0can be found at\u00a0http:\/\/www.njfamilycare.org\/.\u00a0Please contact the nurses for dental, immunization or eye glass assistance if needed. COVID-19 Information Hub for Families NJ Parent Link COVID-19 Family Resources https:\/\/njparentlink.nj.gov\/njparentlink\/current\/covid-19.html Mental Health Resources for Youth [&hellip;]<\/p>\n","protected":false},"author":1,"featured_media":0,"parent":0,"menu_order":0,"comment_status":"closed","ping_status":"closed","template":"","meta":{"_acf_changed":false,"_genesis_hide_title":false,"_genesis_hide_breadcrumbs":false,"_genesis_hide_singular_image":false,"_genesis_hide_footer_widgets":false,"_genesis_custom_body_class":"","_genesis_custom_post_class":"","_genesis_layout":"","footnotes":""},"class_list":{"0":"post-93","1":"page","2":"type-page","3":"status-publish","5":"entry","6":"override"},"acf":[],"_links":{"self":[{"href":"https:\/\/www.nhvweb.net\/vhs\/healthoffice\/wp-json\/wp\/v2\/pages\/93","targetHints":{"allow":["GET"]}}],"collection":[{"href":"https:\/\/www.nhvweb.net\/vhs\/healthoffice\/wp-json\/wp\/v2\/pages"}],"about":[{"href":"https:\/\/www.nhvweb.net\/vhs\/healthoffice\/wp-json\/wp\/v2\/types\/page"}],"author":[{"embeddable":true,"href":"https:\/\/www.nhvweb.net\/vhs\/healthoffice\/wp-json\/wp\/v2\/users\/1"}],"replies":[{"embeddable":true,"href":"https:\/\/www.nhvweb.net\/vhs\/healthoffice\/wp-json\/wp\/v2\/comments?post=93"}],"version-history":[{"count":30,"href":"https:\/\/www.nhvweb.net\/vhs\/healthoffice\/wp-json\/wp\/v2\/pages\/93\/revisions"}],"predecessor-version":[{"id":845,"href":"https:\/\/www.nhvweb.net\/vhs\/healthoffice\/wp-json\/wp\/v2\/pages\/93\/revisions\/845"}],"wp:attachment":[{"href":"https:\/\/www.nhvweb.net\/vhs\/healthoffice\/wp-json\/wp\/v2\/media?parent=93"}],"curies":[{"name":"wp","href":"https:\/\/api.w.org\/{rel}","templated":true}]}}