{"id":94,"date":"2012-08-15T22:00:47","date_gmt":"2012-08-16T02:00:47","guid":{"rendered":"http:\/\/www.nhvweb.net\/nhhs\/worldlanguage\/kdecker\/?page_id=94"},"modified":"2024-08-13T18:34:48","modified_gmt":"2024-08-13T22:34:48","slug":"la-societe-honoraire-de-francais","status":"publish","type":"page","link":"https:\/\/www.nhvweb.net\/nhhs\/worldlanguage\/kdecker\/la-societe-honoraire-de-francais\/","title":{"rendered":"La Soci\u00e9t\u00e9 Honoraire de Fran\u00e7ais"},"content":{"rendered":"<p><strong>Are you interested in joining the French Honor Society? \u00a0<\/strong><\/p>\n<p>Please see the information below to see if you are eligible to apply. \u00a0If you believe you are eligible after reading the information below, please click on the links for the application form. \u00a0Please fill out the application and bring it to Mme Decker along with a copy of your transcripts and\/or report cards which show you have maintained an A average in French for two consecutive years. \u00a0You will also need a check for $10.00 made out to NHAA for this year&#8217;s dues. \u00a0<strong>All applications, transcripts and dues must be turned in by Friday, September 27, 2024. \u00a0<\/strong><\/p>\n<p>See Madame Decker for an application form.<\/p>\n<p>Also, please know that in order to be inducted into the French Honor Society, <strong>you MUST attend the induction ceremony<\/strong> to recite the oath. \u00a0You will NOT be a member unless you attend. \u00a0The induction ceremonydate will\u00a0 be\u00a0 announced\u00a0 soon.<\/p>\n<p><a href=\"http:\/\/www.nhvweb.net\/nhhs\/worldlanguage\/kdecker\/files\/2012\/08\/societe-honoraire-de-francais.png\"><img loading=\"lazy\" decoding=\"async\" class=\"aligncenter wp-image-95\" title=\"societe honoraire de francais\" src=\"http:\/\/www.nhvweb.net\/nhhs\/worldlanguage\/kdecker\/files\/2012\/08\/societe-honoraire-de-francais.png\" alt=\"\" width=\"221\" height=\"152\" \/><\/a><\/p>\n<p><span style=\"text-decoration: underline\"><strong>French Honor Society Eligibility Requirements:<\/strong><\/span><\/p>\n<p><em>As a member of the Soci\u00e9t\u00e9 Honoraire de Fran\u00e7ais,\u00a0the student\u00a0agrees to maintain all of the requirements of eligibility.\u00a0\u00a0He\/She should\u00a0understand that to become a member: <\/em><\/p>\n<p><em>1.\u00a0\u00a0\u00a0He\/She<\/em><em> must be, at least,<strong> in the 10<sup>th<\/sup> grade, have completed French 2.<\/strong><\/em><\/p>\n<p><em>2.\u00a0\u00a0He\/She<\/em><em> must have <strong>maintained an \u201cA\u201d average in French for <span style=\"text-decoration: underline\">2 consecutive years<\/span><\/strong><span style=\"text-decoration: underline\">.\u00a0 <\/span><\/em><\/p>\n<p>3. He\/She <span style=\"text-decoration: underline\"><strong>must attend the induction ceremony<\/strong> <\/span>for the <i>Soci\u00e9t\u00e9 Honoraire de Fran\u00e7ais<\/i> or\u00a0he\/she will not be offered membership.<\/p>\n<p>Additionally, as a member of the <i>Soci\u00e9t\u00e9 Honoraire de Fran\u00e7ais<\/i> at North Hunterdon High School,\u00a0he\/she agrees that\u00a0he\/she must participate in the following ways:<\/p>\n<ol>\n<li>He\/She must attend at least 50% of the meetings regularly held each month.<\/li>\n<li>He\/She must pay his\/her yearly dues.<\/li>\n<li>He\/She\u00a0must participate in <span style=\"text-decoration: underline\">at least one <\/span>\u00a0fundraising event each year.<\/li>\n<li>He\/She must participate in <span style=\"text-decoration: underline\">at least one<\/span> community service project each year.<\/li>\n<li>He\/She\u00a0must complete <span style=\"text-decoration: underline\">3 hours<\/span> of after school tutoring to assist peer with their study of French each year.<\/li>\n<li>He\/She must attend the French Honor Society Induction Ceremony.<\/li>\n<\/ol>\n<p>Finally,\u00a0he\/she must\u00a0understand that the <i>Soci\u00e9t\u00e9 Honoraire de Fran\u00e7ais<\/i> advisor may exercise the prerogative to revoke a student\u2019s membership for reasons of failure to maintain a high scholastic average, of behavior inappropriate to an honor society, irregular participation in <i>SHF<\/i> activities, insufficient service hours, failure to attend the initiation ceremony, etc.\u00a0 (Students may only wear the official <i>Soci\u00e9t\u00e9 Honoraire de Fran\u00e7ais<\/i> cords at graduation if they are considered an active member.)<\/p>\n<p><strong>Meetings<\/strong><\/p>\n<p><em>Meetings will be either the 2nd or 4th Tuesday of the month.\u00a0 All meeting dates and times will be announced in the French Honor Society google classroom page.\u00a0 See Mme Decker for details.\u00a0 Some meetings may be before school and some after school.<\/em><\/p>\n","protected":false},"excerpt":{"rendered":"<p>Are you interested in joining the French Honor Society? \u00a0 Please see the information below to see if you are eligible to apply. \u00a0If you believe you are eligible after reading the information below, please click on the links for &hellip; <a href=\"https:\/\/www.nhvweb.net\/nhhs\/worldlanguage\/kdecker\/la-societe-honoraire-de-francais\/\">Continue reading <span class=\"meta-nav\">&rarr;<\/span><\/a><\/p>\n","protected":false},"author":144,"featured_media":0,"parent":0,"menu_order":0,"comment_status":"closed","ping_status":"closed","template":"","meta":{"_acf_changed":false,"footnotes":""},"class_list":["post-94","page","type-page","status-publish","hentry"],"acf":[],"_links":{"self":[{"href":"https:\/\/www.nhvweb.net\/nhhs\/worldlanguage\/kdecker\/wp-json\/wp\/v2\/pages\/94","targetHints":{"allow":["GET"]}}],"collection":[{"href":"https:\/\/www.nhvweb.net\/nhhs\/worldlanguage\/kdecker\/wp-json\/wp\/v2\/pages"}],"about":[{"href":"https:\/\/www.nhvweb.net\/nhhs\/worldlanguage\/kdecker\/wp-json\/wp\/v2\/types\/page"}],"author":[{"embeddable":true,"href":"https:\/\/www.nhvweb.net\/nhhs\/worldlanguage\/kdecker\/wp-json\/wp\/v2\/users\/144"}],"replies":[{"embeddable":true,"href":"https:\/\/www.nhvweb.net\/nhhs\/worldlanguage\/kdecker\/wp-json\/wp\/v2\/comments?post=94"}],"version-history":[{"count":50,"href":"https:\/\/www.nhvweb.net\/nhhs\/worldlanguage\/kdecker\/wp-json\/wp\/v2\/pages\/94\/revisions"}],"predecessor-version":[{"id":813,"href":"https:\/\/www.nhvweb.net\/nhhs\/worldlanguage\/kdecker\/wp-json\/wp\/v2\/pages\/94\/revisions\/813"}],"wp:attachment":[{"href":"https:\/\/www.nhvweb.net\/nhhs\/worldlanguage\/kdecker\/wp-json\/wp\/v2\/media?parent=94"}],"curies":[{"name":"wp","href":"https:\/\/api.w.org\/{rel}","templated":true}]}}