{"id":130,"date":"2012-08-27T13:32:33","date_gmt":"2012-08-27T17:32:33","guid":{"rendered":"http:\/\/www.nhvweb.net\/nhhs\/worldlanguage\/kdecker\/?page_id=130"},"modified":"2023-08-24T07:25:52","modified_gmt":"2023-08-24T11:25:52","slug":"francais-4h","status":"publish","type":"page","link":"https:\/\/www.nhvweb.net\/nhhs\/worldlanguage\/kdecker\/francais-4h\/","title":{"rendered":"Francais 4H"},"content":{"rendered":"<p><strong><em>Listening Log Info<\/em><\/strong><\/p>\n<p><span style=\"color: #000000\">Voici les liens pour\u00a0votre\u00a0&#8220;listening log&#8221;.\u00a0 N&#8217;oubliez pas que vous devez \u00e9couter au moins 30 minutes en francais.\u00a0 Apres, il faut m&#8217;\u00e9crire une petite sommaire de ce que vous avez \u00e9cout\u00e9!!\u00a0 (1 -2 paragraphes minimum!)<\/span><\/p>\n<ol>\n<li><strong>TV5<\/strong> &#8211; <a href=\"http:\/\/www.tv5.org\/TV5Site\/enseigner-apprendre-francais\/accueil_apprendre.php\">http:\/\/www.tv5.org\/TV5Site\/enseigner-apprendre-francais\/accueil_apprendre.php<\/a>\u00a0&#8220;Sept Jours Sur la Plan\u00e8te&#8221;\u00a0\u00a0 et\u00a0 &#8220;Echos&#8221; sont deux emissions a Tv5 pour vous aider a\u00a0apprendre a \u00e9couter.<\/li>\n<\/ol>\n<p>2. <strong>BBC French<\/strong> &#8211; <a href=\"http:\/\/www.bbc.co.uk\/languages\/french\/\">http:\/\/www.bbc.co.uk\/languages\/french\/<\/a> &#8220;La vie en creuse&#8221; est un programme on peut ecouter and repondre aux questions.\u00a0 Chaque programme est seulement quelques minutes.\u00a0 <a href=\"http:\/\/www.bbc.co.uk\/languages\/french\/creuse\/\">http:\/\/www.bbc.co.uk\/languages\/french\/creuse\/<\/a><\/p>\n<p>3. <strong>Radio France International\u00a0 (RFI)<\/strong> &#8220;Comprendre l&#8217;actualite&#8221;\u00a0 <a href=\"http:\/\/www.rfi.fr\/lfen\/statiques\/accueil.asp\">http:\/\/www.rfi.fr\/lfen\/statiques\/accueil.asp<\/a> Aussi a RFI &#8211; <strong>Le journal de francais facile<\/strong> &#8211; On peut trouver le liens a gauche dans la liste.\u00a0 <a href=\"http:\/\/www.rfi.fr\/lfen\/statiques\/accueil.asp\">http:\/\/www.rfi.fr\/lfen\/statiques\/accueil.asp<\/a><\/p>\n<p>4.\u00a0 <strong>France24\u00a0 <\/strong>&#8211; <a href=\"http:\/\/www.france24.com\/fr\/\">http:\/\/www.france24.com\/fr\/<\/a><\/p>\n<p>5.\u00a0 N&#8217;importe quel <strong>video ou film\u00a0en francais<\/strong>!\u00a0 Vous pouvez aller a Amazon ou bien a Nexflix et louer un film francais si vous voulez.<\/p>\n","protected":false},"excerpt":{"rendered":"<p>Listening Log Info Voici les liens pour\u00a0votre\u00a0&#8220;listening log&#8221;.\u00a0 N&#8217;oubliez pas que vous devez \u00e9couter au moins 30 minutes en francais.\u00a0 Apres, il faut m&#8217;\u00e9crire une petite sommaire de ce que vous avez \u00e9cout\u00e9!!\u00a0 (1 -2 paragraphes minimum!) TV5 &#8211; http:\/\/www.tv5.org\/TV5Site\/enseigner-apprendre-francais\/accueil_apprendre.php\u00a0&#8220;Sept &hellip; <a href=\"https:\/\/www.nhvweb.net\/nhhs\/worldlanguage\/kdecker\/francais-4h\/\">Continue reading <span class=\"meta-nav\">&rarr;<\/span><\/a><\/p>\n","protected":false},"author":144,"featured_media":0,"parent":0,"menu_order":0,"comment_status":"closed","ping_status":"closed","template":"","meta":{"_acf_changed":false,"footnotes":""},"class_list":["post-130","page","type-page","status-publish","hentry"],"acf":[],"_links":{"self":[{"href":"https:\/\/www.nhvweb.net\/nhhs\/worldlanguage\/kdecker\/wp-json\/wp\/v2\/pages\/130","targetHints":{"allow":["GET"]}}],"collection":[{"href":"https:\/\/www.nhvweb.net\/nhhs\/worldlanguage\/kdecker\/wp-json\/wp\/v2\/pages"}],"about":[{"href":"https:\/\/www.nhvweb.net\/nhhs\/worldlanguage\/kdecker\/wp-json\/wp\/v2\/types\/page"}],"author":[{"embeddable":true,"href":"https:\/\/www.nhvweb.net\/nhhs\/worldlanguage\/kdecker\/wp-json\/wp\/v2\/users\/144"}],"replies":[{"embeddable":true,"href":"https:\/\/www.nhvweb.net\/nhhs\/worldlanguage\/kdecker\/wp-json\/wp\/v2\/comments?post=130"}],"version-history":[{"count":67,"href":"https:\/\/www.nhvweb.net\/nhhs\/worldlanguage\/kdecker\/wp-json\/wp\/v2\/pages\/130\/revisions"}],"predecessor-version":[{"id":716,"href":"https:\/\/www.nhvweb.net\/nhhs\/worldlanguage\/kdecker\/wp-json\/wp\/v2\/pages\/130\/revisions\/716"}],"wp:attachment":[{"href":"https:\/\/www.nhvweb.net\/nhhs\/worldlanguage\/kdecker\/wp-json\/wp\/v2\/media?parent=130"}],"curies":[{"name":"wp","href":"https:\/\/api.w.org\/{rel}","templated":true}]}}